{"id":991781,"date":"2025-11-24T20:45:55","date_gmt":"2025-11-24T20:45:55","guid":{"rendered":"https:\/\/o-lab.ai\/saldo-de-la-tarjeta-de-regalo\/"},"modified":"2025-11-24T20:45:55","modified_gmt":"2025-11-24T20:45:55","slug":"saldo-de-la-tarjeta-de-regalo","status":"publish","type":"page","link":"https:\/\/o-lab.ai\/es\/saldo-de-la-tarjeta-de-regalo\/","title":{"rendered":"Saldo de la tarjeta de regalo"},"content":{"rendered":"<div class=\"vgblk-rw-wrapper limit-wrapper\"><div class=\"wps_gift_card_balance_wrapper\"><div class=\"gift_card_balance_email\"><label>Ingrese el correo electr\u00f3nico del destinatario<\/label>\t<input type=\"email\" id=\"gift_card_balance_email\" class=\"wps_gift_balance\" placeholder=\"Ingrese el correo electr\u00f3nico\/nombre del destinatario o el correo electr\u00f3nico del remitente.\" required=\"required\"><\/div><div class=\"gift_card_code\"><label>Enter Gift Card Code<\/label>\t<input type=\"text\" id=\"gift_card_code\" class=\"wps_gift_balance\" placeholder=\"Enter Gift Card Code\" required=\"required\"><\/div><p class=\"wps_check_balance\"><input class=\"button wps_check_balance\" type=\"button\" id=\"wps_check_balance\" value=\"Consultar saldo\"><span id=\"wps_notification\"><\/span><\/p><\/div><div style=\"display: none;\" class=\"loading-style-bg\" id=\"wps_wgm_loader\"><img decoding=\"async\" src=\"https:\/\/o-lab.ai\/wp-content\/plugins\/woo-gift-cards-lite\/assets\/images\/loading.gif\"><\/div><\/div><\/div>\n<p><!-- .vgblk-rw-wrapper --><\/p>\n","protected":false},"excerpt":{"rendered":"","protected":false},"author":2,"featured_media":0,"parent":0,"menu_order":0,"comment_status":"closed","ping_status":"closed","template":"","meta":{"_acf_changed":false,"footnotes":""},"class_list":["post-991781","page","type-page","status-publish","hentry"],"acf":[],"yoast_head":"<!-- This site is optimized with the Yoast SEO plugin v27.5 - https:\/\/yoast.com\/product\/yoast-seo-wordpress\/ -->\n<title>Saldo de la tarjeta de regalo - O-lab<\/title>\n<meta name=\"robots\" content=\"index, follow, max-snippet:-1, max-image-preview:large, max-video-preview:-1\" \/>\n<link rel=\"canonical\" href=\"https:\/\/o-lab.ai\/es\/saldo-de-la-tarjeta-de-regalo\/\" \/>\n<meta property=\"og:locale\" content=\"es_ES\" \/>\n<meta property=\"og:type\" content=\"article\" \/>\n<meta property=\"og:title\" content=\"Saldo de la tarjeta de regalo - O-lab\" \/>\n<meta property=\"og:url\" content=\"https:\/\/o-lab.ai\/es\/saldo-de-la-tarjeta-de-regalo\/\" \/>\n<meta property=\"og:site_name\" content=\"O-lab\" \/>\n<meta name=\"twitter:card\" content=\"summary_large_image\" \/>\n<script type=\"application\/ld+json\" class=\"yoast-schema-graph\">{\"@context\":\"https:\\\/\\\/schema.org\",\"@graph\":[{\"@type\":\"WebPage\",\"@id\":\"https:\\\/\\\/o-lab.ai\\\/saldo-de-la-tarjeta-de-regalo\\\/\",\"url\":\"https:\\\/\\\/o-lab.ai\\\/saldo-de-la-tarjeta-de-regalo\\\/\",\"name\":\"Saldo de la tarjeta de regalo - O-lab\",\"isPartOf\":{\"@id\":\"https:\\\/\\\/o-lab.ai\\\/es\\\/#website\"},\"datePublished\":\"2025-11-24T20:45:55+00:00\",\"breadcrumb\":{\"@id\":\"https:\\\/\\\/o-lab.ai\\\/saldo-de-la-tarjeta-de-regalo\\\/#breadcrumb\"},\"inLanguage\":\"es-CO\",\"potentialAction\":[{\"@type\":\"ReadAction\",\"target\":[\"https:\\\/\\\/o-lab.ai\\\/saldo-de-la-tarjeta-de-regalo\\\/\"]}]},{\"@type\":\"BreadcrumbList\",\"@id\":\"https:\\\/\\\/o-lab.ai\\\/saldo-de-la-tarjeta-de-regalo\\\/#breadcrumb\",\"itemListElement\":[{\"@type\":\"ListItem\",\"position\":1,\"name\":\"Home\",\"item\":\"https:\\\/\\\/o-lab.ai\\\/\"},{\"@type\":\"ListItem\",\"position\":2,\"name\":\"Saldo de la tarjeta de regalo\"}]},{\"@type\":\"WebSite\",\"@id\":\"https:\\\/\\\/o-lab.ai\\\/es\\\/#website\",\"url\":\"https:\\\/\\\/o-lab.ai\\\/es\\\/\",\"name\":\"O-lab\",\"description\":\"O-Lab Inc. es una nonprofit tecnol\u00f3gica que impulsa el aprendizaje basado en competencias a trav\u00e9s de la gamificaci\u00f3n y la IA.\",\"publisher\":{\"@id\":\"https:\\\/\\\/o-lab.ai\\\/es\\\/#organization\"},\"potentialAction\":[{\"@type\":\"SearchAction\",\"target\":{\"@type\":\"EntryPoint\",\"urlTemplate\":\"https:\\\/\\\/o-lab.ai\\\/es\\\/?s={search_term_string}\"},\"query-input\":{\"@type\":\"PropertyValueSpecification\",\"valueRequired\":true,\"valueName\":\"search_term_string\"}}],\"inLanguage\":\"es-CO\"},{\"@type\":\"Organization\",\"@id\":\"https:\\\/\\\/o-lab.ai\\\/es\\\/#organization\",\"name\":\"O-lab\",\"url\":\"https:\\\/\\\/o-lab.ai\\\/es\\\/\",\"logo\":{\"@type\":\"ImageObject\",\"inLanguage\":\"es-CO\",\"@id\":\"https:\\\/\\\/o-lab.ai\\\/es\\\/#\\\/schema\\\/logo\\\/image\\\/\",\"url\":\"https:\\\/\\\/o-lab.ai\\\/wp-content\\\/uploads\\\/2025\\\/02\\\/logo-olab-nuevo_Mesa-de-trabajo-1.png\",\"contentUrl\":\"https:\\\/\\\/o-lab.ai\\\/wp-content\\\/uploads\\\/2025\\\/02\\\/logo-olab-nuevo_Mesa-de-trabajo-1.png\",\"width\":645,\"height\":295,\"caption\":\"O-lab\"},\"image\":{\"@id\":\"https:\\\/\\\/o-lab.ai\\\/es\\\/#\\\/schema\\\/logo\\\/image\\\/\"}}]}<\/script>\n<!-- \/ Yoast SEO plugin. -->","yoast_head_json":{"title":"Saldo de la tarjeta de regalo - O-lab","robots":{"index":"index","follow":"follow","max-snippet":"max-snippet:-1","max-image-preview":"max-image-preview:large","max-video-preview":"max-video-preview:-1"},"canonical":"https:\/\/o-lab.ai\/es\/saldo-de-la-tarjeta-de-regalo\/","og_locale":"es_ES","og_type":"article","og_title":"Saldo de la tarjeta de regalo - O-lab","og_url":"https:\/\/o-lab.ai\/es\/saldo-de-la-tarjeta-de-regalo\/","og_site_name":"O-lab","twitter_card":"summary_large_image","schema":{"@context":"https:\/\/schema.org","@graph":[{"@type":"WebPage","@id":"https:\/\/o-lab.ai\/saldo-de-la-tarjeta-de-regalo\/","url":"https:\/\/o-lab.ai\/saldo-de-la-tarjeta-de-regalo\/","name":"Saldo de la tarjeta de regalo - O-lab","isPartOf":{"@id":"https:\/\/o-lab.ai\/es\/#website"},"datePublished":"2025-11-24T20:45:55+00:00","breadcrumb":{"@id":"https:\/\/o-lab.ai\/saldo-de-la-tarjeta-de-regalo\/#breadcrumb"},"inLanguage":"es-CO","potentialAction":[{"@type":"ReadAction","target":["https:\/\/o-lab.ai\/saldo-de-la-tarjeta-de-regalo\/"]}]},{"@type":"BreadcrumbList","@id":"https:\/\/o-lab.ai\/saldo-de-la-tarjeta-de-regalo\/#breadcrumb","itemListElement":[{"@type":"ListItem","position":1,"name":"Home","item":"https:\/\/o-lab.ai\/"},{"@type":"ListItem","position":2,"name":"Saldo de la tarjeta de regalo"}]},{"@type":"WebSite","@id":"https:\/\/o-lab.ai\/es\/#website","url":"https:\/\/o-lab.ai\/es\/","name":"O-lab","description":"O-Lab Inc. es una nonprofit tecnol\u00f3gica que impulsa el aprendizaje basado en competencias a trav\u00e9s de la gamificaci\u00f3n y la IA.","publisher":{"@id":"https:\/\/o-lab.ai\/es\/#organization"},"potentialAction":[{"@type":"SearchAction","target":{"@type":"EntryPoint","urlTemplate":"https:\/\/o-lab.ai\/es\/?s={search_term_string}"},"query-input":{"@type":"PropertyValueSpecification","valueRequired":true,"valueName":"search_term_string"}}],"inLanguage":"es-CO"},{"@type":"Organization","@id":"https:\/\/o-lab.ai\/es\/#organization","name":"O-lab","url":"https:\/\/o-lab.ai\/es\/","logo":{"@type":"ImageObject","inLanguage":"es-CO","@id":"https:\/\/o-lab.ai\/es\/#\/schema\/logo\/image\/","url":"https:\/\/o-lab.ai\/wp-content\/uploads\/2025\/02\/logo-olab-nuevo_Mesa-de-trabajo-1.png","contentUrl":"https:\/\/o-lab.ai\/wp-content\/uploads\/2025\/02\/logo-olab-nuevo_Mesa-de-trabajo-1.png","width":645,"height":295,"caption":"O-lab"},"image":{"@id":"https:\/\/o-lab.ai\/es\/#\/schema\/logo\/image\/"}}]}},"_links":{"self":[{"href":"https:\/\/o-lab.ai\/es\/wp-json\/wp\/v2\/pages\/991781","targetHints":{"allow":["GET"]}}],"collection":[{"href":"https:\/\/o-lab.ai\/es\/wp-json\/wp\/v2\/pages"}],"about":[{"href":"https:\/\/o-lab.ai\/es\/wp-json\/wp\/v2\/types\/page"}],"author":[{"embeddable":true,"href":"https:\/\/o-lab.ai\/es\/wp-json\/wp\/v2\/users\/2"}],"replies":[{"embeddable":true,"href":"https:\/\/o-lab.ai\/es\/wp-json\/wp\/v2\/comments?post=991781"}],"version-history":[{"count":0,"href":"https:\/\/o-lab.ai\/es\/wp-json\/wp\/v2\/pages\/991781\/revisions"}],"wp:attachment":[{"href":"https:\/\/o-lab.ai\/es\/wp-json\/wp\/v2\/media?parent=991781"}],"curies":[{"name":"wp","href":"https:\/\/api.w.org\/{rel}","templated":true}]}}