{"id":156,"date":"2025-02-14T09:03:30","date_gmt":"2025-02-14T09:03:30","guid":{"rendered":"https:\/\/finovate.vamtam.com\/?page_id=156"},"modified":"2026-02-27T11:59:45","modified_gmt":"2026-02-27T16:59:45","slug":"login","status":"publish","type":"page","link":"https:\/\/o-lab.ai\/es\/login\/","title":{"rendered":"LOGIN"},"content":{"rendered":"\t\t<div data-elementor-type=\"wp-page\" data-elementor-id=\"156\" class=\"elementor elementor-156\" data-elementor-post-type=\"page\">\n\t\t\t\t<div class=\"elementor-element elementor-element-1e0760ef e-flex e-con-boxed wpr-particle-no wpr-jarallax-no wpr-parallax-no wpr-sticky-section-no wpr-equal-height-no e-con e-parent\" data-id=\"1e0760ef\" data-element_type=\"container\" data-e-type=\"container\">\n\t\t\t\t\t<div class=\"e-con-inner\">\n\t\t\t\t<div class=\"elementor-element elementor-element-7f14251e elementor-widget-divider--view-line elementor-widget elementor-widget-divider\" data-id=\"7f14251e\" data-element_type=\"widget\" data-e-type=\"widget\" data-widget_type=\"divider.default\">\n\t\t\t\t<div class=\"elementor-widget-container\">\n\t\t\t\t\t\t\t<div class=\"elementor-divider\">\n\t\t\t<span class=\"elementor-divider-separator\">\n\t\t\t\t\t\t<\/span>\n\t\t<\/div>\n\t\t\t\t\t\t<\/div>\n\t\t\t\t<\/div>\n\t\t\t\t\t<\/div>\n\t\t\t\t<\/div>\n\t\t<div class=\"elementor-element elementor-element-29d808ff e-flex e-con-boxed wpr-particle-no wpr-jarallax-no wpr-parallax-no wpr-sticky-section-no wpr-equal-height-no e-con e-parent\" data-id=\"29d808ff\" data-element_type=\"container\" data-e-type=\"container\" data-settings=\"{&quot;background_background&quot;:&quot;classic&quot;}\">\n\t\t\t\t\t<div class=\"e-con-inner\">\n\t\t<div class=\"elementor-element elementor-element-211ecc2 e-con-full e-flex wpr-particle-no wpr-jarallax-no wpr-parallax-no wpr-sticky-section-no wpr-equal-height-no e-con e-child\" data-id=\"211ecc2\" data-element_type=\"container\" data-e-type=\"container\">\n\t\t<div class=\"elementor-element elementor-element-7ec4268f e-con-full e-flex wpr-particle-no wpr-jarallax-no wpr-parallax-no wpr-sticky-section-no wpr-equal-height-no e-con e-child\" data-id=\"7ec4268f\" data-element_type=\"container\" data-e-type=\"container\">\n\t\t<div class=\"elementor-element elementor-element-2141683a e-con-full e-flex wpr-particle-no wpr-jarallax-no wpr-parallax-no wpr-sticky-section-no wpr-equal-height-no e-con e-child\" data-id=\"2141683a\" data-element_type=\"container\" data-e-type=\"container\">\n\t\t<div class=\"elementor-element elementor-element-1269e51f e-grid e-con-full wpr-particle-no wpr-jarallax-no wpr-parallax-no wpr-sticky-section-no wpr-equal-height-no e-con e-child\" data-id=\"1269e51f\" data-element_type=\"container\" data-e-type=\"container\">\n\t\t\t\t<div class=\"elementor-element elementor-element-8249e25 elementor-widget elementor-widget-theme-site-logo elementor-widget-image\" data-id=\"8249e25\" data-element_type=\"widget\" data-e-type=\"widget\" data-widget_type=\"theme-site-logo.default\">\n\t\t\t\t<div class=\"elementor-widget-container\">\n\t\t\t\t\t\t\t\t\t\t\t<a href=\"https:\/\/o-lab.ai\/es\">\n\t\t\t<img decoding=\"async\" width=\"300\" height=\"137\" src=\"https:\/\/o-lab.ai\/wp-content\/uploads\/2025\/02\/logo-olab-nuevo_Mesa-de-trabajo-1-300x137.png\" class=\"attachment-medium size-medium wp-image-988191\" alt=\"\" srcset=\"https:\/\/o-lab.ai\/wp-content\/uploads\/2025\/02\/logo-olab-nuevo_Mesa-de-trabajo-1-300x137.png 300w, https:\/\/o-lab.ai\/wp-content\/uploads\/2025\/02\/logo-olab-nuevo_Mesa-de-trabajo-1-640x293.png 640w, https:\/\/o-lab.ai\/wp-content\/uploads\/2025\/02\/logo-olab-nuevo_Mesa-de-trabajo-1.png 645w\" sizes=\"(max-width: 300px) 100vw, 300px\" \/>\t\t\t\t<\/a>\n\t\t\t\t\t\t\t\t\t\t\t<\/div>\n\t\t\t\t<\/div>\n\t\t\t\t<\/div>\n\t\t\t\t<\/div>\n\t\t<div class=\"elementor-element elementor-element-5da0204 e-grid e-con-full wpr-particle-no wpr-jarallax-no wpr-parallax-no wpr-sticky-section-no wpr-equal-height-no e-con e-child\" data-id=\"5da0204\" data-element_type=\"container\" data-e-type=\"container\">\n\t\t\t\t<div class=\"elementor-element elementor-element-532861b2 elementor-widget elementor-widget-heading\" data-id=\"532861b2\" data-element_type=\"widget\" data-e-type=\"widget\" data-settings=\"{&quot;_animation&quot;:&quot;none&quot;}\" data-widget_type=\"heading.default\">\n\t\t\t\t<div class=\"elementor-widget-container\">\n\t\t\t\t\t<p class=\"elementor-heading-title elementor-size-default\">O-lab skills based learning through gamification<\/p>\t\t\t\t<\/div>\n\t\t\t\t<\/div>\n\t\t\t\t<\/div>\n\t\t\t\t<\/div>\n\t\t\t\t<\/div>\n\t\t<div class=\"elementor-element elementor-element-58867627 e-con-full e-flex wpr-particle-no wpr-jarallax-no wpr-parallax-no wpr-sticky-section-no wpr-equal-height-no e-con e-child\" data-id=\"58867627\" data-element_type=\"container\" data-e-type=\"container\">\n\t\t<div class=\"elementor-element elementor-element-2f651187 e-grid e-con-full wpr-particle-no wpr-jarallax-no wpr-parallax-no wpr-sticky-section-no wpr-equal-height-no e-con e-child\" data-id=\"2f651187\" data-element_type=\"container\" data-e-type=\"container\">\n\t\t\t\t<div class=\"elementor-element elementor-element-d8d910a elementor-widget elementor-widget-spacer\" data-id=\"d8d910a\" data-element_type=\"widget\" data-e-type=\"widget\" data-widget_type=\"spacer.default\">\n\t\t\t\t<div class=\"elementor-widget-container\">\n\t\t\t\t\t\t\t<div class=\"elementor-spacer\">\n\t\t\t<div class=\"elementor-spacer-inner\"><\/div>\n\t\t<\/div>\n\t\t\t\t\t\t<\/div>\n\t\t\t\t<\/div>\n\t\t\t\t<div class=\"elementor-element elementor-element-71c0bb0b elementor-widget elementor-widget-spacer\" data-id=\"71c0bb0b\" data-element_type=\"widget\" data-e-type=\"widget\" data-widget_type=\"spacer.default\">\n\t\t\t\t<div class=\"elementor-widget-container\">\n\t\t\t\t\t\t\t<div class=\"elementor-spacer\">\n\t\t\t<div class=\"elementor-spacer-inner\"><\/div>\n\t\t<\/div>\n\t\t\t\t\t\t<\/div>\n\t\t\t\t<\/div>\n\t\t\t\t<div class=\"elementor-element elementor-element-4bcf7879 elementor-widget elementor-widget-spacer\" data-id=\"4bcf7879\" data-element_type=\"widget\" data-e-type=\"widget\" data-widget_type=\"spacer.default\">\n\t\t\t\t<div class=\"elementor-widget-container\">\n\t\t\t\t\t\t\t<div class=\"elementor-spacer\">\n\t\t\t<div class=\"elementor-spacer-inner\"><\/div>\n\t\t<\/div>\n\t\t\t\t\t\t<\/div>\n\t\t\t\t<\/div>\n\t\t\t\t<div class=\"vamtam-has-theme-widget-styles elementor-element elementor-element-615855f0 elementor-view-framed vamtam-has-parent-hover elementor-shape-circle elementor-widget elementor-widget-icon\" data-id=\"615855f0\" data-element_type=\"widget\" data-e-type=\"widget\" data-widget_type=\"icon.default\">\n\t\t\t\t<div class=\"elementor-widget-container\">\n\t\t\t\t\t\t\t<div class=\"elementor-icon-wrapper\">\n\t\t\t<div class=\"elementor-icon\">\n\t\t\t<i aria-hidden=\"true\" class=\"fas fa-user\"><\/i>\t\t\t<\/div>\n\t\t<\/div>\n\t\t\t\t\t\t<\/div>\n\t\t\t\t<\/div>\n\t\t\t\t<div class=\"vamtam-has-theme-widget-styles elementor-element elementor-element-168a5d22 elementor-view-framed vamtam-has-parent-hover elementor-shape-circle elementor-widget elementor-widget-icon\" data-id=\"168a5d22\" data-element_type=\"widget\" data-e-type=\"widget\" data-widget_type=\"icon.default\">\n\t\t\t\t<div class=\"elementor-widget-container\">\n\t\t\t\t\t\t\t<div class=\"elementor-icon-wrapper\">\n\t\t\t<div class=\"elementor-icon\">\n\t\t\t<i aria-hidden=\"true\" class=\"fas fa-users\"><\/i>\t\t\t<\/div>\n\t\t<\/div>\n\t\t\t\t\t\t<\/div>\n\t\t\t\t<\/div>\n\t\t\t\t<div class=\"elementor-element elementor-element-525502cf elementor-widget elementor-widget-spacer\" data-id=\"525502cf\" data-element_type=\"widget\" data-e-type=\"widget\" data-widget_type=\"spacer.default\">\n\t\t\t\t<div class=\"elementor-widget-container\">\n\t\t\t\t\t\t\t<div class=\"elementor-spacer\">\n\t\t\t<div class=\"elementor-spacer-inner\"><\/div>\n\t\t<\/div>\n\t\t\t\t\t\t<\/div>\n\t\t\t\t<\/div>\n\t\t\t\t<div class=\"vamtam-has-theme-widget-styles elementor-element elementor-element-5d5f5d88 elementor-align-center elementor-widget elementor-widget-button\" data-id=\"5d5f5d88\" data-element_type=\"widget\" data-e-type=\"widget\" data-widget_type=\"button.default\">\n\t\t\t\t<div class=\"elementor-widget-container\">\n\t\t\t\t\t\t\t\t\t<div class=\"elementor-button-wrapper\">\n\t\t\t\t\t<a class=\"elementor-button elementor-button-link elementor-size-sm\" href=\"https:\/\/user-olab.web.app\/\">\n\t\t\t\t\t\t<span class=\"elementor-button-content-wrapper\">\n\t\t\t\t\t\t\t\t\t<span class=\"elementor-button-text\">USUARIO<\/span>\n\t\t\t\t\t<\/span>\n\t\t\t\t\t<\/a>\n\t\t\t\t<\/div>\n\t\t\t\t\t\t\t\t<\/div>\n\t\t\t\t<\/div>\n\t\t\t\t<div class=\"vamtam-has-theme-widget-styles elementor-element elementor-element-5ee0392f elementor-align-center elementor-widget elementor-widget-button\" data-id=\"5ee0392f\" data-element_type=\"widget\" data-e-type=\"widget\" data-widget_type=\"button.default\">\n\t\t\t\t<div class=\"elementor-widget-container\">\n\t\t\t\t\t\t\t\t\t<div class=\"elementor-button-wrapper\">\n\t\t\t\t\t<a class=\"elementor-button elementor-button-link elementor-size-sm\" href=\"https:\/\/olab-admin.web.app\">\n\t\t\t\t\t\t<span class=\"elementor-button-content-wrapper\">\n\t\t\t\t\t\t\t\t\t<span class=\"elementor-button-text\">ADMIN<\/span>\n\t\t\t\t\t<\/span>\n\t\t\t\t\t<\/a>\n\t\t\t\t<\/div>\n\t\t\t\t\t\t\t\t<\/div>\n\t\t\t\t<\/div>\n\t\t\t\t<div class=\"elementor-element elementor-element-13b4c091 elementor-widget elementor-widget-spacer\" data-id=\"13b4c091\" data-element_type=\"widget\" data-e-type=\"widget\" data-widget_type=\"spacer.default\">\n\t\t\t\t<div class=\"elementor-widget-container\">\n\t\t\t\t\t\t\t<div class=\"elementor-spacer\">\n\t\t\t<div class=\"elementor-spacer-inner\"><\/div>\n\t\t<\/div>\n\t\t\t\t\t\t<\/div>\n\t\t\t\t<\/div>\n\t\t\t\t<div class=\"elementor-element elementor-element-4c6f2151 elementor-widget elementor-widget-spacer\" data-id=\"4c6f2151\" data-element_type=\"widget\" data-e-type=\"widget\" data-widget_type=\"spacer.default\">\n\t\t\t\t<div class=\"elementor-widget-container\">\n\t\t\t\t\t\t\t<div class=\"elementor-spacer\">\n\t\t\t<div class=\"elementor-spacer-inner\"><\/div>\n\t\t<\/div>\n\t\t\t\t\t\t<\/div>\n\t\t\t\t<\/div>\n\t\t\t\t<\/div>\n\t\t<div class=\"elementor-element elementor-element-65b9ce9 e-grid e-con-full wpr-particle-no wpr-jarallax-no wpr-parallax-no wpr-sticky-section-no wpr-equal-height-no e-con e-child\" data-id=\"65b9ce9\" data-element_type=\"container\" data-e-type=\"container\">\n\t\t\t\t<div class=\"elementor-element elementor-element-38a618eb elementor-widget elementor-widget-spacer\" data-id=\"38a618eb\" data-element_type=\"widget\" data-e-type=\"widget\" data-widget_type=\"spacer.default\">\n\t\t\t\t<div class=\"elementor-widget-container\">\n\t\t\t\t\t\t\t<div class=\"elementor-spacer\">\n\t\t\t<div class=\"elementor-spacer-inner\"><\/div>\n\t\t<\/div>\n\t\t\t\t\t\t<\/div>\n\t\t\t\t<\/div>\n\t\t\t\t<div class=\"elementor-element elementor-element-78bdbf78 elementor-widget elementor-widget-spacer\" data-id=\"78bdbf78\" data-element_type=\"widget\" data-e-type=\"widget\" data-widget_type=\"spacer.default\">\n\t\t\t\t<div class=\"elementor-widget-container\">\n\t\t\t\t\t\t\t<div class=\"elementor-spacer\">\n\t\t\t<div class=\"elementor-spacer-inner\"><\/div>\n\t\t<\/div>\n\t\t\t\t\t\t<\/div>\n\t\t\t\t<\/div>\n\t\t\t\t<\/div>\n\t\t<div class=\"elementor-element elementor-element-74ea3f46 e-grid e-con-full wpr-particle-no wpr-jarallax-no wpr-parallax-no wpr-sticky-section-no wpr-equal-height-no e-con e-child\" data-id=\"74ea3f46\" data-element_type=\"container\" data-e-type=\"container\">\n\t\t\t\t<\/div>\n\t\t\t\t<\/div>\n\t\t\t\t\t<\/div>\n\t\t\t\t<\/div>\n\t\t\t\t<\/div>\n\t\t","protected":false},"excerpt":{"rendered":"<p>Inicia sesi\u00f3n en O-Lab<\/p>\n","protected":false},"author":2,"featured_media":0,"parent":0,"menu_order":0,"comment_status":"closed","ping_status":"closed","template":"","meta":{"_acf_changed":false,"footnotes":""},"class_list":["post-156","page","type-page","status-publish","hentry"],"acf":[],"yoast_head":"<!-- This site is optimized with the Yoast SEO plugin v27.5 - https:\/\/yoast.com\/product\/yoast-seo-wordpress\/ -->\n<title>LOGIN - O-lab<\/title>\n<meta name=\"description\" content=\"Esta es nuestra p\u00e1gina de Login, Inicia sesi\u00f3n, escoge tu tipo de usuario y explora toda la suite de O-Lab.\" \/>\n<meta name=\"robots\" content=\"index, follow, max-snippet:-1, max-image-preview:large, max-video-preview:-1\" \/>\n<link rel=\"canonical\" href=\"https:\/\/o-lab.ai\/es\/login\/\" \/>\n<meta property=\"og:locale\" content=\"es_ES\" \/>\n<meta property=\"og:type\" content=\"article\" \/>\n<meta property=\"og:title\" content=\"LOGIN - O-lab\" \/>\n<meta property=\"og:description\" content=\"Esta es nuestra p\u00e1gina de Login, Inicia sesi\u00f3n, escoge tu tipo de usuario y explora toda la suite de O-Lab.\" \/>\n<meta property=\"og:url\" content=\"https:\/\/o-lab.ai\/es\/login\/\" \/>\n<meta property=\"og:site_name\" content=\"O-lab\" \/>\n<meta property=\"article:modified_time\" content=\"2026-02-27T16:59:45+00:00\" \/>\n<meta name=\"twitter:card\" content=\"summary_large_image\" \/>\n<meta name=\"twitter:label1\" content=\"Tiempo de lectura\" \/>\n\t<meta name=\"twitter:data1\" content=\"1 minuto\" \/>\n<script type=\"application\/ld+json\" class=\"yoast-schema-graph\">{\"@context\":\"https:\\\/\\\/schema.org\",\"@graph\":[{\"@type\":\"WebPage\",\"@id\":\"https:\\\/\\\/o-lab.ai\\\/login\\\/\",\"url\":\"https:\\\/\\\/o-lab.ai\\\/login\\\/\",\"name\":\"LOGIN - O-lab\",\"isPartOf\":{\"@id\":\"https:\\\/\\\/o-lab.ai\\\/es\\\/#website\"},\"datePublished\":\"2025-02-14T09:03:30+00:00\",\"dateModified\":\"2026-02-27T16:59:45+00:00\",\"description\":\"Esta es nuestra p\u00e1gina de Login, Inicia sesi\u00f3n, escoge tu tipo de usuario y explora toda la suite de O-Lab.\",\"breadcrumb\":{\"@id\":\"https:\\\/\\\/o-lab.ai\\\/login\\\/#breadcrumb\"},\"inLanguage\":\"es-CO\",\"potentialAction\":[{\"@type\":\"ReadAction\",\"target\":[\"https:\\\/\\\/o-lab.ai\\\/login\\\/\"]}]},{\"@type\":\"BreadcrumbList\",\"@id\":\"https:\\\/\\\/o-lab.ai\\\/login\\\/#breadcrumb\",\"itemListElement\":[{\"@type\":\"ListItem\",\"position\":1,\"name\":\"Home\",\"item\":\"https:\\\/\\\/o-lab.ai\\\/\"},{\"@type\":\"ListItem\",\"position\":2,\"name\":\"LOGIN\"}]},{\"@type\":\"WebSite\",\"@id\":\"https:\\\/\\\/o-lab.ai\\\/es\\\/#website\",\"url\":\"https:\\\/\\\/o-lab.ai\\\/es\\\/\",\"name\":\"O-lab\",\"description\":\"O-Lab Inc. es una nonprofit tecnol\u00f3gica que impulsa el aprendizaje basado en competencias a trav\u00e9s de la gamificaci\u00f3n y la IA.\",\"publisher\":{\"@id\":\"https:\\\/\\\/o-lab.ai\\\/es\\\/#organization\"},\"potentialAction\":[{\"@type\":\"SearchAction\",\"target\":{\"@type\":\"EntryPoint\",\"urlTemplate\":\"https:\\\/\\\/o-lab.ai\\\/es\\\/?s={search_term_string}\"},\"query-input\":{\"@type\":\"PropertyValueSpecification\",\"valueRequired\":true,\"valueName\":\"search_term_string\"}}],\"inLanguage\":\"es-CO\"},{\"@type\":\"Organization\",\"@id\":\"https:\\\/\\\/o-lab.ai\\\/es\\\/#organization\",\"name\":\"O-lab\",\"url\":\"https:\\\/\\\/o-lab.ai\\\/es\\\/\",\"logo\":{\"@type\":\"ImageObject\",\"inLanguage\":\"es-CO\",\"@id\":\"https:\\\/\\\/o-lab.ai\\\/es\\\/#\\\/schema\\\/logo\\\/image\\\/\",\"url\":\"https:\\\/\\\/o-lab.ai\\\/wp-content\\\/uploads\\\/2025\\\/02\\\/logo-olab-nuevo_Mesa-de-trabajo-1.png\",\"contentUrl\":\"https:\\\/\\\/o-lab.ai\\\/wp-content\\\/uploads\\\/2025\\\/02\\\/logo-olab-nuevo_Mesa-de-trabajo-1.png\",\"width\":645,\"height\":295,\"caption\":\"O-lab\"},\"image\":{\"@id\":\"https:\\\/\\\/o-lab.ai\\\/es\\\/#\\\/schema\\\/logo\\\/image\\\/\"}}]}<\/script>\n<!-- \/ Yoast SEO plugin. -->","yoast_head_json":{"title":"LOGIN - O-lab","description":"Esta es nuestra p\u00e1gina de Login, Inicia sesi\u00f3n, escoge tu tipo de usuario y explora toda la suite de O-Lab.","robots":{"index":"index","follow":"follow","max-snippet":"max-snippet:-1","max-image-preview":"max-image-preview:large","max-video-preview":"max-video-preview:-1"},"canonical":"https:\/\/o-lab.ai\/es\/login\/","og_locale":"es_ES","og_type":"article","og_title":"LOGIN - O-lab","og_description":"Esta es nuestra p\u00e1gina de Login, Inicia sesi\u00f3n, escoge tu tipo de usuario y explora toda la suite de O-Lab.","og_url":"https:\/\/o-lab.ai\/es\/login\/","og_site_name":"O-lab","article_modified_time":"2026-02-27T16:59:45+00:00","twitter_card":"summary_large_image","twitter_misc":{"Tiempo de lectura":"1 minuto"},"schema":{"@context":"https:\/\/schema.org","@graph":[{"@type":"WebPage","@id":"https:\/\/o-lab.ai\/login\/","url":"https:\/\/o-lab.ai\/login\/","name":"LOGIN - O-lab","isPartOf":{"@id":"https:\/\/o-lab.ai\/es\/#website"},"datePublished":"2025-02-14T09:03:30+00:00","dateModified":"2026-02-27T16:59:45+00:00","description":"Esta es nuestra p\u00e1gina de Login, Inicia sesi\u00f3n, escoge tu tipo de usuario y explora toda la suite de O-Lab.","breadcrumb":{"@id":"https:\/\/o-lab.ai\/login\/#breadcrumb"},"inLanguage":"es-CO","potentialAction":[{"@type":"ReadAction","target":["https:\/\/o-lab.ai\/login\/"]}]},{"@type":"BreadcrumbList","@id":"https:\/\/o-lab.ai\/login\/#breadcrumb","itemListElement":[{"@type":"ListItem","position":1,"name":"Home","item":"https:\/\/o-lab.ai\/"},{"@type":"ListItem","position":2,"name":"LOGIN"}]},{"@type":"WebSite","@id":"https:\/\/o-lab.ai\/es\/#website","url":"https:\/\/o-lab.ai\/es\/","name":"O-lab","description":"O-Lab Inc. es una nonprofit tecnol\u00f3gica que impulsa el aprendizaje basado en competencias a trav\u00e9s de la gamificaci\u00f3n y la IA.","publisher":{"@id":"https:\/\/o-lab.ai\/es\/#organization"},"potentialAction":[{"@type":"SearchAction","target":{"@type":"EntryPoint","urlTemplate":"https:\/\/o-lab.ai\/es\/?s={search_term_string}"},"query-input":{"@type":"PropertyValueSpecification","valueRequired":true,"valueName":"search_term_string"}}],"inLanguage":"es-CO"},{"@type":"Organization","@id":"https:\/\/o-lab.ai\/es\/#organization","name":"O-lab","url":"https:\/\/o-lab.ai\/es\/","logo":{"@type":"ImageObject","inLanguage":"es-CO","@id":"https:\/\/o-lab.ai\/es\/#\/schema\/logo\/image\/","url":"https:\/\/o-lab.ai\/wp-content\/uploads\/2025\/02\/logo-olab-nuevo_Mesa-de-trabajo-1.png","contentUrl":"https:\/\/o-lab.ai\/wp-content\/uploads\/2025\/02\/logo-olab-nuevo_Mesa-de-trabajo-1.png","width":645,"height":295,"caption":"O-lab"},"image":{"@id":"https:\/\/o-lab.ai\/es\/#\/schema\/logo\/image\/"}}]}},"_links":{"self":[{"href":"https:\/\/o-lab.ai\/es\/wp-json\/wp\/v2\/pages\/156","targetHints":{"allow":["GET"]}}],"collection":[{"href":"https:\/\/o-lab.ai\/es\/wp-json\/wp\/v2\/pages"}],"about":[{"href":"https:\/\/o-lab.ai\/es\/wp-json\/wp\/v2\/types\/page"}],"author":[{"embeddable":true,"href":"https:\/\/o-lab.ai\/es\/wp-json\/wp\/v2\/users\/2"}],"replies":[{"embeddable":true,"href":"https:\/\/o-lab.ai\/es\/wp-json\/wp\/v2\/comments?post=156"}],"version-history":[{"count":0,"href":"https:\/\/o-lab.ai\/es\/wp-json\/wp\/v2\/pages\/156\/revisions"}],"wp:attachment":[{"href":"https:\/\/o-lab.ai\/es\/wp-json\/wp\/v2\/media?parent=156"}],"curies":[{"name":"wp","href":"https:\/\/api.w.org\/{rel}","templated":true}]}}